{"id":967,"date":"2017-06-01T15:54:11","date_gmt":"2017-06-01T13:54:11","guid":{"rendered":"https:\/\/mergelsoe.dk\/fremstilling\/"},"modified":"2025-01-22T12:00:59","modified_gmt":"2025-01-22T11:00:59","slug":"fremstilling","status":"publish","type":"page","link":"https:\/\/mergelsoe.dk\/en\/fremstilling\/","title":{"rendered":"PRODUCTION"},"content":{"rendered":"<div id='av-layout-grid-1'  class='av-layout-grid-container av-cm9do-1785e4de19f242c1a29ae0506c172aec entry-content-wrapper main_color av-flex-cells  avia-builder-el-0  el_before_av_layout_row  avia-builder-el-first   container_wrap sidebar_right'  >\n\n<style type=\"text\/css\" data-created_by=\"avia_inline_auto\" id=\"style-css-av-c7m54-9a4b20e7652b1eeed208ea02b1a2e296\">\n.flex_cell.av-c7m54-9a4b20e7652b1eeed208ea02b1a2e296{\nvertical-align:top;\n}\n.responsive #top #wrap_all .flex_cell.av-c7m54-9a4b20e7652b1eeed208ea02b1a2e296{\npadding:0px 0px 0px 0px !important;\n}\n<\/style>\n<div class='flex_cell av-c7m54-9a4b20e7652b1eeed208ea02b1a2e296 av-gridrow-cell av_one_full no_margin  avia-builder-el-1  avia-builder-el-no-sibling  content-align-top av-zero-padding'  ><div class='flex_cell_inner'>\n<style type=\"text\/css\" data-created_by=\"avia_inline_auto\" id=\"style-css-av-bovok-9485542280641ac6a67a94abc083c5b1\">\n.avia-image-container.av-bovok-9485542280641ac6a67a94abc083c5b1 img.avia_image{\nbox-shadow:none;\n}\n.avia-image-container.av-bovok-9485542280641ac6a67a94abc083c5b1 .av-caption-image-overlay-bg{\nopacity:0.4;\n}\n.avia-image-container.av-bovok-9485542280641ac6a67a94abc083c5b1 .av-image-caption-overlay-center{\ncolor:#ffffff;\nfont-size:40px;\n}\n<\/style>\n<div  class='avia-image-container av-bovok-9485542280641ac6a67a94abc083c5b1 av-styling- avia-align-center  avia-builder-el-2  avia-builder-el-no-sibling  noHover av-overlay-hover-deactivate'   itemprop=\"image\" itemscope=\"itemscope\" itemtype=\"https:\/\/schema.org\/ImageObject\" ><div class=\"avia-image-container-inner\"><div class=\"avia-image-overlay-wrap\"><div class=\"av-image-caption-overlay\"><div class=\"av-caption-image-overlay-bg\"><\/div><div class=\"av-image-caption-overlay-position\"><div class=\"av-image-caption-overlay-center\"><p>Production<\/p>\n<\/div><\/div><\/div><img fetchpriority=\"high\" class='wp-image-878 avia-img-lazy-loading-not-878 avia_image ' src='https:\/\/mergelsoe.dk\/wp-content\/uploads\/2017\/06\/mergels\u00f8_Pic_03-01.jpg' alt='' title='Mergels\u00f8 vilde \u00e6bler 3'  height=\"760\" width=\"1400\"  itemprop=\"thumbnailUrl\"  \/><\/div><\/div><\/div>\n<\/div><\/div>\n<\/div>\n<div id='av-layout-grid-2'  class='av-layout-grid-container av-12voc-247d786197f6b32bda4024172acf5f2c entry-content-wrapper main_color av-flex-cells  avia-builder-el-3  el_after_av_layout_row  el_before_av_layout_row  fremstilling-page-container grid-row-not-first  container_wrap sidebar_right'  >\n\n<style type=\"text\/css\" data-created_by=\"avia_inline_auto\" id=\"style-css-av-aj77w-859a906d679be945f797c8387354eed9\">\n.flex_cell.av-aj77w-859a906d679be945f797c8387354eed9{\nvertical-align:top;\n}\n.responsive #top #wrap_all .flex_cell.av-aj77w-859a906d679be945f797c8387354eed9{\npadding:110px 55px 0 0 !important;\n}\n<\/style>\n<div class='flex_cell av-aj77w-859a906d679be945f797c8387354eed9 av-gridrow-cell av_one_half no_margin  avia-builder-el-4  el_before_av_cell_one_half  avia-builder-el-first  content-align-top'  ><div class='flex_cell_inner'><p>\n<style type=\"text\/css\" data-created_by=\"avia_inline_auto\" id=\"style-css-av-9wtl4-dc0af62cfbc318d177b85fd8e0dc3b0d\">\n.flex_column.av-9wtl4-dc0af62cfbc318d177b85fd8e0dc3b0d{\nborder-radius:0px 0px 0px 0px;\npadding:0px 0px 0px 0px;\n}\n<\/style>\n<div  class='flex_column av-9wtl4-dc0af62cfbc318d177b85fd8e0dc3b0d av_one_full  avia-builder-el-5  el_before_av_one_full  avia-builder-el-first  first flex_column_div av-hide-on-mobile av-zero-column-padding  '     ><style type=\"text\/css\" data-created_by=\"avia_inline_auto\" id=\"style-css-av-9habs-a06dc7f3990e8daf080d59c892c51e25\">\n.avia-image-container.av-9habs-a06dc7f3990e8daf080d59c892c51e25 img.avia_image{\nbox-shadow:none;\n}\n.avia-image-container.av-9habs-a06dc7f3990e8daf080d59c892c51e25 .av-image-caption-overlay-center{\ncolor:#ffffff;\n}\n<\/style>\n<div  class='avia-image-container av-9habs-a06dc7f3990e8daf080d59c892c51e25 av-styling- avia-align-left  avia-builder-el-6  avia-builder-el-no-sibling '   itemprop=\"image\" itemscope=\"itemscope\" itemtype=\"https:\/\/schema.org\/ImageObject\" ><div class=\"avia-image-container-inner\"><div class=\"avia-image-overlay-wrap\"><img fetchpriority=\"high\" class='wp-image-879 avia-img-lazy-loading-not-879 avia_image ' src='https:\/\/mergelsoe.dk\/wp-content\/uploads\/2017\/06\/mergels\u00f8_Pic_03-02.jpg' alt='' title='Mergels\u00f8 vilde \u00e6bler 2'  height=\"700\" width=\"650\"  itemprop=\"thumbnailUrl\"  \/><\/div><\/div><\/div><\/div>\n<style type=\"text\/css\" data-created_by=\"avia_inline_auto\" id=\"style-css-av-8g21s-ae8ecf1756b1ee30d696879c8b993e8c\">\n.flex_column.av-8g21s-ae8ecf1756b1ee30d696879c8b993e8c{\nborder-radius:0px 0px 0px 0px;\npadding:110px 55px 0px 175px;\n}\n<\/style>\n<div  class='flex_column av-8g21s-ae8ecf1756b1ee30d696879c8b993e8c av_one_full  avia-builder-el-7  el_after_av_one_full  avia-builder-el-last  first flex_column_div  column-top-margin'     ><section  class='av_textblock_section av-7ttic-9485482084965dc6dbf5fd3a6a7f9f14 '   itemscope=\"itemscope\" itemtype=\"https:\/\/schema.org\/CreativeWork\" ><div class='avia_textblock'  itemprop=\"text\" ><h2 class=\"p1\"><\/h2>\n<h2>Cider Making<\/h2>\n<p class=\"p5\">With the unique natural resources at our disposal, we have chosen to produce exclusively according to nature&#8217;s terms. This means that we do not add any form of chemistry to the raw must, the yeast is naturally occurring on the apples, and we do not use enzymes, sulfur, or other chemicals Mergels\u00f8 was certified organic in 2017.<\/p>\n<p class=\"p5\">The production process takes time. In the autumn, the apples are collected as they ripen and fall from the trees. After thorough washing and sorting, the apples are grated into a fine pulp and pressed into raw must. The tanks are filled and the first fermentation takes place in the tanks with continuous racking to control the speed of fermentation. After a few months, the naturally occurring sugar in the raw must has fermented and the semi-finished cider is filled into champagne bottles. Patience \u2013 the second fermentation in the bottle is where the magic happens, and it takes time \u2013 months. The residual yeast that caused the second fermentation in the bottle is now removed by disgorging \u2013 explosively! The bottles are topped up, receive a new cork, are labeled, and are ready for sale about a year after harvest.<\/p>\n<p class=\"p5\">It seems simple \u2013 but there is a lot of &#8220;savoir-faire&#8221; as they say in French!<\/p>\n<p> We continue to learn and gain experience \u2013 with the goal of achieving the best possible expression of the apples in the bottle. <br style=\"font-weight: 400;\"><br style=\"font-weight: 400;\"><\/p>\n<\/div><\/section><\/div><\/p>\n<\/div><\/div>\n<style type=\"text\/css\" data-created_by=\"avia_inline_auto\" id=\"style-css-av-7f440-bd1370444a20144948d767db8dc1b7e5\">\n.flex_cell.av-7f440-bd1370444a20144948d767db8dc1b7e5{\nvertical-align:top;\n}\n.responsive #top #wrap_all .flex_cell.av-7f440-bd1370444a20144948d767db8dc1b7e5{\npadding:220px 0px 0px 55px !important;\n}\n<\/style>\n<div class='flex_cell av-7f440-bd1370444a20144948d767db8dc1b7e5 av-gridrow-cell av_one_half no_margin  avia-builder-el-9  el_after_av_cell_one_half  avia-builder-el-last  content-align-top'  ><div class='flex_cell_inner'><p>\n<style type=\"text\/css\" data-created_by=\"avia_inline_auto\" id=\"style-css-av-71kx4-dffd2f1840c865508a60935c59f12359\">\n.flex_column.av-71kx4-dffd2f1840c865508a60935c59f12359{\nborder-radius:0px 0px 0px 0px;\npadding:0px 175px 0px 0px;\n}\n<\/style>\n<div  class='flex_column av-71kx4-dffd2f1840c865508a60935c59f12359 av_one_full  avia-builder-el-10  el_before_av_one_full  avia-builder-el-first  first flex_column_div  '     ><section  class='av_textblock_section av-6dgeg-fff67c806b68198306ff92268180011f '   itemscope=\"itemscope\" itemtype=\"https:\/\/schema.org\/CreativeWork\" ><div class='avia_textblock'  itemprop=\"text\" ><h2 class=\"p1\">The Apples<\/h2>\n<p class=\"p2\">The interplay between microclimate, soil, and apple varieties is the heart of Mergels\u00f8 cider. he wild apple trees have probably been created through cross-pollination of the old Danish apple varieties that have stood on the site over time. A natural selection has taken place over decades. We have both wild apple trees that have chosen the nutrient-rich and mild south-facing lakeshore, and we have trees that have managed on the much more frost-exposed and nutrient-poor grass stretch to the north.<\/p>\n<p class=\"p2\">We propagate the most flavorful of the wild apple trees by grafting onto wild rootstocks, just as we are pleased that new wild trees are coming through self-seeding. We have several old Danish varieties. These include B\u00f8ghs Citron apples, Ingrid Marie, Filippa, R\u00f8d Ananas, and Nonnetitter. In addition, we plant new trees of primarily Danish varieties on an ongoing basis. We now have about 25 different &#8220;cultivated&#8221; varieties.<\/p>\n<p class=\"p2\">The goal is to find the right balance between the wild, the old, and the cultivated, and thus achieve the right blend of sweet, sour, and bitter.<\/p>\n<\/div><\/section><\/div>\n<style type=\"text\/css\" data-created_by=\"avia_inline_auto\" id=\"style-css-av-5rquc-582b6837428a0340d4b6a07e85ff74c1\">\n.flex_column.av-5rquc-582b6837428a0340d4b6a07e85ff74c1{\nborder-radius:0px 0px 0px 0px;\npadding:110px 0px 0px 0;\n}\n<\/style>\n<div  class='flex_column av-5rquc-582b6837428a0340d4b6a07e85ff74c1 av_one_full  avia-builder-el-12  el_after_av_one_full  avia-builder-el-last  first flex_column_div  column-top-margin'     ><style type=\"text\/css\" data-created_by=\"avia_inline_auto\" id=\"style-css-av-4xocw-a11637a624455590384761c1074874e2\">\n.avia-image-container.av-4xocw-a11637a624455590384761c1074874e2 img.avia_image{\nbox-shadow:none;\n}\n.avia-image-container.av-4xocw-a11637a624455590384761c1074874e2 .av-image-caption-overlay-center{\ncolor:#ffffff;\n}\n<\/style>\n<div  class='avia-image-container av-4xocw-a11637a624455590384761c1074874e2 av-styling- avia-align-right  avia-builder-el-13  avia-builder-el-no-sibling '   itemprop=\"image\" itemscope=\"itemscope\" itemtype=\"https:\/\/schema.org\/ImageObject\" ><div class=\"avia-image-container-inner\"><div class=\"avia-image-overlay-wrap\"><img fetchpriority=\"high\" class='wp-image-880 avia-img-lazy-loading-not-880 avia_image ' src='https:\/\/mergelsoe.dk\/wp-content\/uploads\/2017\/06\/mergels\u00f8_Pic_03-03.jpg' alt='' title='Mergels\u00f8 Morgen stemning'  height=\"700\" width=\"650\"  itemprop=\"thumbnailUrl\"  \/><\/div><\/div><\/div><\/div><\/p>\n<\/div><\/div><\/div><div id='av-layout-grid-3'  class='av-layout-grid-container av-4myv4-d30304757a4ecaf84d0d81a8c650d06c entry-content-wrapper main_color av-flex-cells  avia-builder-el-14  el_after_av_layout_row  el_before_av_layout_row  grid-row-not-first  container_wrap sidebar_right'  >\n\n<style type=\"text\/css\" data-created_by=\"avia_inline_auto\" id=\"style-css-av-3nxlk-43396b4f1366a2373a2ec6cc138e05b3\">\n.flex_cell.av-3nxlk-43396b4f1366a2373a2ec6cc138e05b3{\nvertical-align:top;\n}\n.responsive #top #wrap_all .flex_cell.av-3nxlk-43396b4f1366a2373a2ec6cc138e05b3{\npadding:110px 0 110px 0 !important;\n}\n<\/style>\n<div class='flex_cell av-3nxlk-43396b4f1366a2373a2ec6cc138e05b3 av-gridrow-cell av_one_full no_margin av-hide-on-mobile  avia-builder-el-15  avia-builder-el-no-sibling  content-align-top'  ><div class='flex_cell_inner'>\n<\/div><\/div>\n<\/div><\/p>\n<div id='av-layout-grid-4'  class='av-layout-grid-container av-2jzsg-5cf966eeb35ac822a4827eb614649a16 entry-content-wrapper main_color av-flex-cells  avia-builder-el-17  el_after_av_layout_row  avia-builder-el-last  bottom-image-container grid-row-not-first  container_wrap sidebar_right'  >\n\n<style type=\"text\/css\" data-created_by=\"avia_inline_auto\" id=\"style-css-av-251ts-b771bfaf6a75cd510fc919c6cfcee11d\">\n.flex_cell.av-251ts-b771bfaf6a75cd510fc919c6cfcee11d{\nvertical-align:top;\n}\n.responsive #top #wrap_all .flex_cell.av-251ts-b771bfaf6a75cd510fc919c6cfcee11d{\npadding:0px 0px 0px 0px !important;\n}\n<\/style>\n<div class='flex_cell av-251ts-b771bfaf6a75cd510fc919c6cfcee11d av-gridrow-cell av_one_full no_margin  avia-builder-el-18  avia-builder-el-no-sibling  content-align-top av-zero-padding'  ><div class='flex_cell_inner'>\n<style type=\"text\/css\" data-created_by=\"avia_inline_auto\" id=\"style-css-av-1n22c-0fd93616d1bc929a5a3071c72fbb14fc\">\n.flex_column.av-1n22c-0fd93616d1bc929a5a3071c72fbb14fc{\nborder-radius:0px 0px 0px 0px;\npadding:0px 0px 0px 0px;\n}\n<\/style>\n<div  class='flex_column av-1n22c-0fd93616d1bc929a5a3071c72fbb14fc av_one_full  avia-builder-el-19  avia-builder-el-no-sibling  first flex_column_div av-zero-column-padding  '     ><style type=\"text\/css\" data-created_by=\"avia_inline_auto\" id=\"style-css-av-145fk-c8e505bba9376f6e577e9465b9776f02\">\n.avia-image-container.av-145fk-c8e505bba9376f6e577e9465b9776f02 img.avia_image{\nbox-shadow:none;\n}\n.avia-image-container.av-145fk-c8e505bba9376f6e577e9465b9776f02 .av-caption-image-overlay-bg{\nopacity:0.4;\n}\n.avia-image-container.av-145fk-c8e505bba9376f6e577e9465b9776f02 .av-image-caption-overlay-center{\ncolor:#ffffff;\nfont-size:26px;\n}\n<\/style>\n<div  class='avia-image-container av-145fk-c8e505bba9376f6e577e9465b9776f02 av-styling- av-img-linked avia-align-center  avia-builder-el-20  avia-builder-el-no-sibling  bottom-image noHover av-overlay-hover-deactivate'   itemprop=\"image\" itemscope=\"itemscope\" itemtype=\"https:\/\/schema.org\/ImageObject\" ><div class=\"avia-image-container-inner\"><div class=\"avia-image-overlay-wrap\"><a href=\"https:\/\/mergelsoe.dk\/en\/historie\/\" class='avia_image '  aria-label='Mergels\u00f8 Istid'><div class=\"av-image-caption-overlay\"><div class=\"av-caption-image-overlay-bg\"><\/div><div class=\"av-image-caption-overlay-position\"><div class=\"av-image-caption-overlay-center\"><p>Mergel is a product of the ice ages. Read more about the history of Mergels\u00f8 Cider.<\/p>\n<\/div><\/div><\/div><img fetchpriority=\"high\" class='wp-image-907 avia-img-lazy-loading-not-907 avia_image ' src='https:\/\/mergelsoe.dk\/wp-content\/uploads\/2017\/06\/fremstilling_istid.jpg' alt='' title='Mergels\u00f8 Istid'  height=\"750\" width=\"1400\"  itemprop=\"thumbnailUrl\"  \/><\/a><\/div><\/div><\/div><\/div>\n<\/div><\/div>\n<\/div>\n","protected":false},"excerpt":{"rendered":"","protected":false},"author":2,"featured_media":0,"parent":0,"menu_order":4,"comment_status":"closed","ping_status":"closed","template":"","meta":{"_monsterinsights_skip_tracking":false,"_monsterinsights_sitenote_active":false,"_monsterinsights_sitenote_note":"","_monsterinsights_sitenote_category":0,"footnotes":""},"class_list":["post-967","page","type-page","status-publish","hentry"],"_links":{"self":[{"href":"https:\/\/mergelsoe.dk\/en\/wp-json\/wp\/v2\/pages\/967","targetHints":{"allow":["GET"]}}],"collection":[{"href":"https:\/\/mergelsoe.dk\/en\/wp-json\/wp\/v2\/pages"}],"about":[{"href":"https:\/\/mergelsoe.dk\/en\/wp-json\/wp\/v2\/types\/page"}],"author":[{"embeddable":true,"href":"https:\/\/mergelsoe.dk\/en\/wp-json\/wp\/v2\/users\/2"}],"replies":[{"embeddable":true,"href":"https:\/\/mergelsoe.dk\/en\/wp-json\/wp\/v2\/comments?post=967"}],"version-history":[{"count":17,"href":"https:\/\/mergelsoe.dk\/en\/wp-json\/wp\/v2\/pages\/967\/revisions"}],"predecessor-version":[{"id":1374,"href":"https:\/\/mergelsoe.dk\/en\/wp-json\/wp\/v2\/pages\/967\/revisions\/1374"}],"wp:attachment":[{"href":"https:\/\/mergelsoe.dk\/en\/wp-json\/wp\/v2\/media?parent=967"}],"curies":[{"name":"wp","href":"https:\/\/api.w.org\/{rel}","templated":true}]}}