{"id":970,"date":"2017-06-01T17:02:47","date_gmt":"2017-06-01T15:02:47","guid":{"rendered":"https:\/\/mergelsoe.dk\/smagninger\/"},"modified":"2025-01-20T10:41:36","modified_gmt":"2025-01-20T09:41:36","slug":"smagninger","status":"publish","type":"page","link":"https:\/\/mergelsoe.dk\/en\/smagninger\/","title":{"rendered":"Cider Tastings"},"content":{"rendered":"<div id='av-layout-grid-1'  class='av-layout-grid-container av-1lrs0c-fda82b6c56e903daa02fffeb6dc87ba6 entry-content-wrapper main_color av-flex-cells  avia-builder-el-0  el_before_av_layout_row  avia-builder-el-first   container_wrap sidebar_right'  >\n\n<style type=\"text\/css\" data-created_by=\"avia_inline_auto\" id=\"style-css-av-1divqk-33a3cfd64df305fa872fbe313b4bb85e\">\n.flex_cell.av-1divqk-33a3cfd64df305fa872fbe313b4bb85e{\nvertical-align:top;\n}\n.responsive #top #wrap_all .flex_cell.av-1divqk-33a3cfd64df305fa872fbe313b4bb85e{\npadding:30px 30px 30px 30px !important;\n}\n<\/style>\n<div class='flex_cell av-1divqk-33a3cfd64df305fa872fbe313b4bb85e av-gridrow-cell av_one_full no_margin  avia-builder-el-1  avia-builder-el-no-sibling  content-align-top'  ><div class='flex_cell_inner'>\n<style type=\"text\/css\" data-created_by=\"avia_inline_auto\" id=\"style-css-av-172e50-1cd4283ae0f2d3efe2da48e3be743bf5\">\n.flex_column.av-172e50-1cd4283ae0f2d3efe2da48e3be743bf5{\nborder-radius:0px 0px 0px 0px;\npadding:0px 0px 0px 0px;\n}\n<\/style>\n<div  class='flex_column av-172e50-1cd4283ae0f2d3efe2da48e3be743bf5 av_one_full  avia-builder-el-2  avia-builder-el-no-sibling  first flex_column_div av-zero-column-padding  '     ><style type=\"text\/css\" data-created_by=\"avia_inline_auto\" id=\"style-css-av-14roik-29c217adac3102e06f1c35e8f7562aea\">\n.avia-image-container.av-14roik-29c217adac3102e06f1c35e8f7562aea img.avia_image{\nbox-shadow:none;\n}\n.avia-image-container.av-14roik-29c217adac3102e06f1c35e8f7562aea .av-caption-image-overlay-bg{\nopacity:0.4;\n}\n.avia-image-container.av-14roik-29c217adac3102e06f1c35e8f7562aea .av-image-caption-overlay-center{\ncolor:#ffffff;\nfont-size:40px;\n}\n<\/style>\n<div  class='avia-image-container av-14roik-29c217adac3102e06f1c35e8f7562aea av-styling- avia-align-center  avia-builder-el-3  avia-builder-el-no-sibling  noHover av-overlay-hover-deactivate'   itemprop=\"image\" itemscope=\"itemscope\" itemtype=\"https:\/\/schema.org\/ImageObject\" ><div class=\"avia-image-container-inner\"><div class=\"avia-image-overlay-wrap\"><div class=\"av-image-caption-overlay\"><div class=\"av-caption-image-overlay-bg\"><\/div><div class=\"av-image-caption-overlay-position\"><div class=\"av-image-caption-overlay-center\"><p>Cider Tastings<\/p>\n<\/div><\/div><\/div><img fetchpriority=\"high\" class='wp-image-912 avia-img-lazy-loading-not-912 avia_image ' src='https:\/\/mergelsoe.dk\/wp-content\/uploads\/2017\/06\/kontakt.jpg' alt='' title='Stifterne af Mergels\u00f8 Lone Kelkj\u00e6r og J\u00f8rgen Kelkj\u00e6r'  height=\"750\" width=\"1400\"  itemprop=\"thumbnailUrl\"  \/><\/div><\/div><\/div><\/div>\n<\/div><\/div>\n<\/div>\n<div id='av-layout-grid-2'  class='av-layout-grid-container av-v5yj0-3bd2e96335716388b33ce1076a1828cd entry-content-wrapper main_color av-flex-cells  avia-builder-el-4  el_after_av_layout_row  avia-builder-el-last  grid-row-not-first  container_wrap sidebar_right'  >\n\n<style type=\"text\/css\" data-created_by=\"avia_inline_auto\" id=\"style-css-av-p0w70-12d6b03ab5fca142b3a4324165e10f2f\">\n.flex_cell.av-p0w70-12d6b03ab5fca142b3a4324165e10f2f{\nvertical-align:top;\n}\n.responsive #top #wrap_all .flex_cell.av-p0w70-12d6b03ab5fca142b3a4324165e10f2f{\npadding:30px 30px 30px 30px !important;\n}\n<\/style>\n<div class='flex_cell av-p0w70-12d6b03ab5fca142b3a4324165e10f2f av-gridrow-cell av_one_third no_margin  avia-builder-el-5  el_before_av_cell_one_third  avia-builder-el-first  content-align-top'  ><div class='flex_cell_inner'><\/div><\/div>\n<style type=\"text\/css\" data-created_by=\"avia_inline_auto\" id=\"style-css-av-l80q4-a2c5f163724203d9ff38974676e104a1\">\n.flex_cell.av-l80q4-a2c5f163724203d9ff38974676e104a1{\nvertical-align:top;\n}\n.responsive #top #wrap_all .flex_cell.av-l80q4-a2c5f163724203d9ff38974676e104a1{\npadding:30px 30px 30px 30px !important;\n}\n<\/style>\n<div class='flex_cell av-l80q4-a2c5f163724203d9ff38974676e104a1 av-gridrow-cell av_one_third no_margin  avia-builder-el-6  el_after_av_cell_one_third  el_before_av_cell_one_third  content-align-top'  ><div class='flex_cell_inner'><section  class='av_textblock_section av-elrkc-b3f225545c2e78012e1a1dcf0ca03b4b '   itemscope=\"itemscope\" itemtype=\"https:\/\/schema.org\/CreativeWork\" ><div class='avia_textblock'  itemprop=\"text\" ><div class=\"x_ox-7e8342eadf-io-ox-signature\">\n<p class=\"x_ox-7e8342eadf-p2\" style=\"text-align: center;\">Looking for a unique experience for your wine or beer club? We offer custom cider tastings, tailored to your group&#8217;s interests. We can come to you or you can visit us at our cidery. Learn about the history of cider, our cider-making process, and of course, enjoy our delicious ciders.  <\/p>\n<\/div>\n<blockquote>\n<div class=\"x_ox-7e8342eadf-io-ox-signature\">\n<p class=\"x_ox-7e8342eadf-p2\">\n<\/div>\n<\/blockquote>\n<div class=\"x_ox-7e8342eadf-io-ox-signature\">\n<p class=\"x_ox-7e8342eadf-p2\" style=\"text-align: center;\">We can also recommend local bars and shops where you can find Mergels\u00f8 cider.<\/p>\n<\/div>\n<\/div><\/section>\n<\/div><\/div>\n<style type=\"text\/css\" data-created_by=\"avia_inline_auto\" id=\"style-css-av-91ljo-56c375e51ccdbd82b46b46e58c4c181c\">\n.flex_cell.av-91ljo-56c375e51ccdbd82b46b46e58c4c181c{\nvertical-align:top;\n}\n.responsive #top #wrap_all .flex_cell.av-91ljo-56c375e51ccdbd82b46b46e58c4c181c{\npadding:30px 30px 30px 30px !important;\n}\n<\/style>\n<div class='flex_cell av-91ljo-56c375e51ccdbd82b46b46e58c4c181c av-gridrow-cell av_one_third no_margin  avia-builder-el-8  el_after_av_cell_one_third  avia-builder-el-last  content-align-top'  ><div class='flex_cell_inner'><\/div><\/div>\n<\/div>\n","protected":false},"excerpt":{"rendered":"","protected":false},"author":2,"featured_media":0,"parent":0,"menu_order":7,"comment_status":"closed","ping_status":"closed","template":"","meta":{"_monsterinsights_skip_tracking":false,"_monsterinsights_sitenote_active":false,"_monsterinsights_sitenote_note":"","_monsterinsights_sitenote_category":0,"footnotes":""},"class_list":["post-970","page","type-page","status-publish","hentry"],"_links":{"self":[{"href":"https:\/\/mergelsoe.dk\/en\/wp-json\/wp\/v2\/pages\/970","targetHints":{"allow":["GET"]}}],"collection":[{"href":"https:\/\/mergelsoe.dk\/en\/wp-json\/wp\/v2\/pages"}],"about":[{"href":"https:\/\/mergelsoe.dk\/en\/wp-json\/wp\/v2\/types\/page"}],"author":[{"embeddable":true,"href":"https:\/\/mergelsoe.dk\/en\/wp-json\/wp\/v2\/users\/2"}],"replies":[{"embeddable":true,"href":"https:\/\/mergelsoe.dk\/en\/wp-json\/wp\/v2\/comments?post=970"}],"version-history":[{"count":4,"href":"https:\/\/mergelsoe.dk\/en\/wp-json\/wp\/v2\/pages\/970\/revisions"}],"predecessor-version":[{"id":1329,"href":"https:\/\/mergelsoe.dk\/en\/wp-json\/wp\/v2\/pages\/970\/revisions\/1329"}],"wp:attachment":[{"href":"https:\/\/mergelsoe.dk\/en\/wp-json\/wp\/v2\/media?parent=970"}],"curies":[{"name":"wp","href":"https:\/\/api.w.org\/{rel}","templated":true}]}}